{"id":3,"date":"2023-10-25T10:15:33","date_gmt":"2023-10-25T10:15:33","guid":{"rendered":"http:\/\/theones.wbfdev.cz\/?page_id=3"},"modified":"2025-08-25T06:20:44","modified_gmt":"2025-08-25T06:20:44","slug":"privacy-policy","status":"publish","type":"page","link":"https:\/\/theones.cz\/en\/privacy-policy\/","title":{"rendered":"Processing of personal data"},"content":{"rendered":"<div data-elementor-type=\"wp-page\" data-elementor-id=\"3\" class=\"elementor elementor-3\" data-elementor-post-type=\"page\">\n\t\t\t\t<div class=\"elementor-element elementor-element-51d356ae e-flex e-con-boxed e-con e-parent\" data-id=\"51d356ae\" data-element_type=\"container\" data-e-type=\"container\" data-settings=\"{&quot;jet_parallax_layout_list&quot;:[]}\">\n\t\t\t\t\t<div class=\"e-con-inner\">\n\t\t\t\t<div class=\"elementor-element elementor-element-702b6606 elementor-widget elementor-widget-text-editor\" data-id=\"702b6606\" data-element_type=\"widget\" data-e-type=\"widget\" data-widget_type=\"text-editor.default\">\n\t\t\t\t<div class=\"elementor-widget-container\">\n\t\t\t\t\t\t\t\t\t<h2><span style=\"color: #ffffff;\"><strong>Z\u00c1SADY ZPRACOV\u00c1N\u00cd OSOBN\u00cdCH \u00daDAJ\u016e<br \/><\/strong><\/span><\/h2><h3><span style=\"color: #ffffff;\">Tyto Z\u00e1sady V\u00e1m poskytuj\u00ed informace o tom, za jak\u00fdmi \u00fa\u010dely, v jak\u00e9m rozsahu a po jakou dobu Va\u0161e osobn\u00ed \u00fadaje zpracov\u00e1v\u00e1me. Tyto Z\u00e1sady d\u00e1le obsahuj\u00ed informace o tom, jak V\u00e1m n\u00e1le\u017e\u00ed ve vztahu ke zpracov\u00e1n\u00ed Va\u0161ich osobn\u00edch \u00fadaj\u016f pr\u00e1va a jak\u00fdm zp\u016fsobem je m\u016f\u017eete uplatnit.<\/span><\/h3>\t\t\t\t\t\t\t\t<\/div>\n\t\t\t\t<\/div>\n\t\t\t\t<div class=\"elementor-element elementor-element-65f0673 elementor-widget elementor-widget-text-editor\" data-id=\"65f0673\" data-element_type=\"widget\" data-e-type=\"widget\" data-widget_type=\"text-editor.default\">\n\t\t\t\t<div class=\"elementor-widget-container\">\n\t\t\t\t\t<style>.elementor-element-65f0673{display:none !important}<\/style>\t\t\t\t<\/div>\n\t\t\t\t<\/div>\n\t\t\t\t\t<\/div>\n\t\t\t\t<\/div>\n\t\t\t\t<\/div>","protected":false},"excerpt":{"rendered":"<p>Z\u00c1SADY ZPRACOV\u00c1N\u00cd OSOBN\u00cdCH \u00daDAJ\u016e Tyto Z\u00e1sady V\u00e1m poskytuj\u00ed informace o tom, za jak\u00fdmi \u00fa\u010dely, v jak\u00e9m rozsahu a po jakou dobu Va\u0161e osobn\u00ed \u00fadaje zpracov\u00e1v\u00e1me. Tyto Z\u00e1sady d\u00e1le obsahuj\u00ed informace o tom, jak V\u00e1m n\u00e1le\u017e\u00ed ve vztahu ke zpracov\u00e1n\u00ed Va\u0161ich osobn\u00edch \u00fadaj\u016f pr\u00e1va a jak\u00fdm zp\u016fsobem je m\u016f\u017eete uplatnit. Spole\u010dnost THEONES.CZ, sro, se s\u00eddlem v [&hellip;]<\/p>","protected":false},"author":1,"featured_media":0,"parent":0,"menu_order":0,"comment_status":"closed","ping_status":"closed","template":"","meta":{"footnotes":""},"class_list":["post-3","page","type-page","status-publish","hentry"],"_links":{"self":[{"href":"https:\/\/theones.cz\/en\/wp-json\/wp\/v2\/pages\/3","targetHints":{"allow":["GET"]}}],"collection":[{"href":"https:\/\/theones.cz\/en\/wp-json\/wp\/v2\/pages"}],"about":[{"href":"https:\/\/theones.cz\/en\/wp-json\/wp\/v2\/types\/page"}],"author":[{"embeddable":true,"href":"https:\/\/theones.cz\/en\/wp-json\/wp\/v2\/users\/1"}],"replies":[{"embeddable":true,"href":"https:\/\/theones.cz\/en\/wp-json\/wp\/v2\/comments?post=3"}],"version-history":[{"count":17,"href":"https:\/\/theones.cz\/en\/wp-json\/wp\/v2\/pages\/3\/revisions"}],"predecessor-version":[{"id":2976,"href":"https:\/\/theones.cz\/en\/wp-json\/wp\/v2\/pages\/3\/revisions\/2976"}],"wp:attachment":[{"href":"https:\/\/theones.cz\/en\/wp-json\/wp\/v2\/media?parent=3"}],"curies":[{"name":"wp","href":"https:\/\/api.w.org\/{rel}","templated":true}]}}